{"id":641,"date":"2025-03-19T18:38:16","date_gmt":"2025-03-19T18:38:16","guid":{"rendered":"https:\/\/yusufyalniz.com\/?page_id=641"},"modified":"2025-03-30T08:06:56","modified_gmt":"2025-03-30T08:06:56","slug":"kullanim-kosullari","status":"publish","type":"page","link":"https:\/\/yusufyalniz.com\/index.php\/kullanim-kosullari\/","title":{"rendered":"Kullan\u0131m Ko\u015fullar\u0131"},"content":{"rendered":"\n<div class=\"wp-block-cover alignfull is-light\"><span aria-hidden=\"true\" class=\"wp-block-cover__background has-background-dim\" style=\"background-color:#acb1a5\"><\/span><img decoding=\"async\" width=\"1600\" height=\"750\" class=\"wp-block-cover__image-background wp-image-302\" alt=\"\" src=\"https:\/\/yusufyalniz.com\/wp-content\/uploads\/2025\/03\/anasayfa-res-2.jpg\" data-object-fit=\"cover\" srcset=\"https:\/\/yusufyalniz.com\/wp-content\/uploads\/2025\/03\/anasayfa-res-2.jpg 1600w, https:\/\/yusufyalniz.com\/wp-content\/uploads\/2025\/03\/anasayfa-res-2-300x141.jpg 300w, https:\/\/yusufyalniz.com\/wp-content\/uploads\/2025\/03\/anasayfa-res-2-1024x480.jpg 1024w, https:\/\/yusufyalniz.com\/wp-content\/uploads\/2025\/03\/anasayfa-res-2-768x360.jpg 768w, https:\/\/yusufyalniz.com\/wp-content\/uploads\/2025\/03\/anasayfa-res-2-1536x720.jpg 1536w\" sizes=\"(max-width: 1600px) 100vw, 1600px\" \/><div class=\"wp-block-cover__inner-container is-layout-constrained wp-block-cover-is-layout-constrained\">\n<p class=\"has-text-align-center has-white-color has-text-color has-link-color has-x-large-font-size wp-elements-872a2fb6e4e6e3fa419d431db0e78ec7\">Kullan\u0131m Ko\u015fullar\u0131<\/p>\n<\/div><\/div>\n\n\n\n<p>Kullan\u0131m Ko\u015fullar\u0131<\/p>\n\n\n\n<p>Ho\u015f geldiniz www.yusufyalniz.com.tr! Bu web sitesi, Yerel Y\u00f6netimler Uzman\u0131 Dr. Yusuf Yaln\u0131z&#8217;a aittir ve siz de\u011ferli ziyaret\u00e7ilerimize hizmet vermektedir. L\u00fctfen a\u015fa\u011f\u0131daki kullan\u0131m ko\u015fullar\u0131n\u0131 dikkatlice okuyun ve web sitemizi kullanmaya devam etmeden \u00f6nce kabul etti\u011finizden emin olun.<\/p>\n\n\n\n<p>1. Gizlilik Politikas\u0131<br>www.yusufyalniz.com.tr olarak, ziyaret\u00e7ilerimizin gizlili\u011fine sayg\u0131 duyuyor ve ki\u015fisel verilerinizi koruma alt\u0131na almak i\u00e7in gerekli \u00f6nlemleri al\u0131yoruz. Ki\u015fisel verilerinizin nas\u0131l kullan\u0131ld\u0131\u011f\u0131 ve korundu\u011fu hakk\u0131nda daha fazla bilgi i\u00e7in Gizlilik Politikam\u0131z\u0131 inceleyebilirsiniz.<\/p>\n\n\n\n<p>2. \u0130\u00e7erik ve Bilgi Kullan\u0131m\u0131<br>Web sitemizde yer alan t\u00fcm i\u00e7erik ve bilgiler, Yerel Y\u00f6netimler Uzman\u0131 Dr. Yusuf Yaln\u0131z&#8217;a aittir ve izinsiz kullan\u0131lamaz. \u0130\u00e7erik ve bilgilerin izinsiz kopyalanmas\u0131, \u00e7o\u011falt\u0131lmas\u0131 veya da\u011f\u0131t\u0131lmas\u0131 yasakt\u0131r.<\/p>\n\n\n\n<p>3. Hizmetler ve \u00dcr\u00fcnler<br>www.yusufyalniz.com.tr \u00fczerinden sunulan hizmetler ve \u00fcr\u00fcnler, Yerel Y\u00f6netimler Uzman\u0131 Dr. Yusuf Yaln\u0131z taraf\u0131ndan sa\u011flanmaktad\u0131r. Hizmetlerimizi ve \u00fcr\u00fcnlerimizi kullan\u0131rken l\u00fctfen kullan\u0131m ko\u015fullar\u0131na uygun davran\u0131\u015flar sergileyin.<\/p>\n\n\n\n<p>4. \u0130leti\u015fim ve Destek<br>Web sitemizi ziyaret eden herkes, ileti\u015fim ve destek hizmetlerimizden yararlanabilir. Sorular\u0131n\u0131z\u0131 veya geri bildirimlerinizi bize iletmek i\u00e7in ileti\u015fim bilgilerimizi kullanabilirsiniz.<\/p>\n\n\n\n<p>5. Hukuki Sorumluluklar<br>www.yusufyalniz.com.tr \u00fczerinden yap\u0131lan t\u00fcm i\u015flemler, T\u00fcrk hukuku \u00e7er\u00e7evesinde y\u00fcr\u00fct\u00fclmektedir. Kullan\u0131c\u0131lar\u0131m\u0131z\u0131n yasal sorumluluklar\u0131n\u0131 ve haklar\u0131n\u0131 bilmesi ve buna g\u00f6re hareket etmesi \u00f6nemlidir.<\/p>\n\n\n\n<p>6. De\u011fi\u015fiklikler ve G\u00fcncellemeler<br>www.yusufyalniz.com.tr, kullan\u0131m ko\u015fullar\u0131n\u0131 de\u011fi\u015ftirme veya g\u00fcncelleme hakk\u0131n\u0131 sakl\u0131 tutar. Bu nedenle, web sitemizi ziyaret etti\u011finizde kullan\u0131m ko\u015fullar\u0131n\u0131 tekrar g\u00f6zden ge\u00e7irmeniz \u00f6nerilir.<\/p>\n\n\n\n<p>Yukar\u0131da belirtilen kullan\u0131m ko\u015fullar\u0131n\u0131 kabul etti\u011finiz takdirde, www.yusufyalniz.com.tr web sitesini kullanmaya devam edebilirsiniz. Herhangi bir sorunuz veya endi\u015feniz varsa, l\u00fctfen bizimle ileti\u015fime ge\u00e7mekten \u00e7ekinmeyin.<\/p>\n\n\n\n<p>Te\u015fekk\u00fcr ederiz.<\/p>\n\n\n\n<div class=\"wp-block-columns alignfull is-layout-flex wp-container-core-columns-is-layout-9d6595d7 wp-block-columns-is-layout-flex\">\n<div class=\"wp-block-column is-layout-flow wp-block-column-is-layout-flow\" style=\"flex-basis:100%\">\n<div class=\"wp-block-columns is-layout-flex wp-container-core-columns-is-layout-9d6595d7 wp-block-columns-is-layout-flex\">\n<div class=\"wp-block-column is-layout-flow wp-block-column-is-layout-flow\" style=\"flex-basis:100%\">\n<div class=\"wp-block-group has-black-background-color has-background is-vertical is-layout-flex wp-container-core-group-is-layout-8cf370e7 wp-block-group-is-layout-flex\">\n<div style=\"height:0px\" aria-hidden=\"true\" class=\"wp-block-spacer wp-container-content-541a6b20\"><\/div>\n\n\n\n<div class=\"wp-block-columns has-small-font-size is-layout-flex wp-container-core-columns-is-layout-9d6595d7 wp-block-columns-is-layout-flex\">\n<div class=\"wp-block-column is-vertically-aligned-top is-layout-flow wp-block-column-is-layout-flow\"><\/div>\n\n\n\n<div class=\"wp-block-column is-vertically-aligned-top is-layout-flow wp-block-column-is-layout-flow\">\n<figure class=\"wp-block-image size-full\"><img decoding=\"async\" width=\"300\" height=\"51\" src=\"https:\/\/yusufyalniz.com\/wp-content\/uploads\/2025\/02\/dryusufyalnizlogo-1.png\" alt=\"\" class=\"wp-image-43\"\/><\/figure>\n\n\n\n<p class=\"has-text-align-left has-white-color has-text-color has-link-color wp-elements-2784800cbe579458180a48d50255a007\">\ud83d\udcde <strong>&nbsp;Telefon :&nbsp;<\/strong>0535 394 09 34<\/p>\n\n\n\n<p class=\"has-text-align-left has-white-color has-text-color has-link-color wp-elements-bacdadb4c4d9ff1fe84148ef6b654f46\">\u2709\ufe0f<strong>&nbsp;E-posta :&nbsp;<\/strong>bilgi@yusufyalniz.com.tr<\/p>\n<\/div>\n\n\n\n<div class=\"wp-block-column is-vertically-aligned-stretch is-layout-flow wp-block-column-is-layout-flow\">\n<p class=\"has-text-align-left has-white-color has-text-color has-link-color wp-elements-127e740fd4c59b1b6e84267ffe2cf31d\" style=\"font-size:23px;font-style:normal;font-weight:600\">Men\u00fc<\/p>\n\n\n<nav class=\"has-text-color has-white-color has-small-font-size items-justified-left is-vertical no-wrap wp-block-navigation is-content-justification-left is-nowrap is-layout-flex wp-container-core-navigation-is-layout-13b8677b wp-block-navigation-is-layout-flex\" aria-label=\"Navigation\"><ul class=\"wp-block-navigation__container has-text-color has-white-color has-small-font-size items-justified-left is-vertical no-wrap wp-block-navigation has-small-font-size\"><li class=\"has-small-font-size wp-block-navigation-item wp-block-navigation-link\"><a class=\"wp-block-navigation-item__content\"  href=\"https:\/\/yusufyalniz.com\/\"><span class=\"wp-block-navigation-item__label\">Home<\/span><\/a><\/li><li class=\"has-small-font-size wp-block-navigation-item wp-block-navigation-link\"><a class=\"wp-block-navigation-item__content\"  href=\"https:\/\/yusufyalniz.com\/index.php\/iletisim\/\"><span class=\"wp-block-navigation-item__label\">\u0130leti\u015fim<\/span><\/a><\/li><li class=\"has-small-font-size wp-block-navigation-item wp-block-navigation-link\"><a class=\"wp-block-navigation-item__content\"  href=\"https:\/\/yusufyalniz.com\/index.php\/yazilar\/\"><span class=\"wp-block-navigation-item__label\">Yaz\u0131lar<\/span><\/a><\/li><\/ul><\/nav><\/div>\n\n\n\n<div class=\"wp-block-column is-vertically-aligned-top is-layout-flow wp-block-column-is-layout-flow\">\n<h2 class=\"wp-block-heading has-text-align-left has-white-color has-text-color has-link-color wp-elements-4ab01bfdf99d056f484eec7da26f448c\" style=\"font-style:normal;font-weight:600\">Son Yaz\u0131lar<\/h2>\n\n\n<ul class=\"wp-block-latest-posts__list has-link-color aligncenter wp-elements-0fb3c98e0db7561338fce9bc97de5d75 wp-block-latest-posts has-text-color has-white-color has-small-font-size\"><li><a class=\"wp-block-latest-posts__post-title\" href=\"https:\/\/yusufyalniz.com\/index.php\/2025\/04\/27\/afetlere-hazirlik-icin-finansal-kaynaklar-ve-finansman\/\">Afetlere Haz\u0131rl\u0131k \u0130\u00e7in Finansal Kaynaklar ve Finansman<\/a><\/li>\n<li><a class=\"wp-block-latest-posts__post-title\" href=\"https:\/\/yusufyalniz.com\/index.php\/2025\/03\/23\/yenilenebilir-enerji-ve-surdurulebilirlik-projeleri\/\">Yenilenebilir Enerji ve S\u00fcrd\u00fcr\u00fclebilirlik Projeleri<\/a><\/li>\n<li><a class=\"wp-block-latest-posts__post-title\" href=\"https:\/\/yusufyalniz.com\/index.php\/2025\/03\/23\/uluslararasi-genclik-degisim-programi\/\">Uluslararas\u0131 Gen\u00e7lik De\u011fi\u015fim Program\u0131<\/a><\/li>\n<\/ul><\/div>\n\n\n\n<div class=\"wp-block-column is-vertically-aligned-top is-layout-flow wp-block-column-is-layout-flow\">\n<h2 class=\"wp-block-heading has-text-align-center has-white-color has-text-color has-link-color wp-elements-41d36ae4040a1ec2ce3cb83ca5062b79\" style=\"font-style:normal;font-weight:600\">Projelerim<\/h2>\n\n\n\n<div class=\"wp-block-media-text is-stacked-on-mobile\" style=\"grid-template-columns:38% auto\"><figure class=\"wp-block-media-text__media\"><a href=\"https:\/\/yusufyalniz.com\/index.php\/2025\/03\/23\/yenilenebilir-enerji-ve-surdurulebilirlik-projeleri\/\"><img decoding=\"async\" width=\"800\" height=\"450\" src=\"https:\/\/yusufyalniz.com\/wp-content\/uploads\/2025\/03\/yenilenebilir-enerji-ve-surdurulebilirlik.jpg\" alt=\"\" class=\"wp-image-285 size-full\" srcset=\"https:\/\/yusufyalniz.com\/wp-content\/uploads\/2025\/03\/yenilenebilir-enerji-ve-surdurulebilirlik.jpg 800w, https:\/\/yusufyalniz.com\/wp-content\/uploads\/2025\/03\/yenilenebilir-enerji-ve-surdurulebilirlik-300x169.jpg 300w, https:\/\/yusufyalniz.com\/wp-content\/uploads\/2025\/03\/yenilenebilir-enerji-ve-surdurulebilirlik-768x432.jpg 768w\" sizes=\"(max-width: 800px) 100vw, 800px\" \/><\/a><\/figure><div class=\"wp-block-media-text__content\">\n<p class=\"has-white-color has-text-color has-link-color has-small-font-size wp-elements-f10177b410df1f56e25f68134839a84d\">Yenilenebilir Enerji ve S\u00fcrd\u00fcr\u00fclebilirlik Projeleri<\/p>\n<\/div><\/div>\n\n\n\n<div class=\"wp-block-media-text is-stacked-on-mobile\" style=\"grid-template-columns:38% auto\"><figure class=\"wp-block-media-text__media\"><a href=\"https:\/\/yusufyalniz.com\/index.php\/2025\/03\/23\/akilli-kentler-projesi\/\"><img decoding=\"async\" width=\"800\" height=\"450\" src=\"https:\/\/yusufyalniz.com\/wp-content\/uploads\/2025\/03\/akilli-kentler.jpg\" alt=\"\" class=\"wp-image-289 size-full\" srcset=\"https:\/\/yusufyalniz.com\/wp-content\/uploads\/2025\/03\/akilli-kentler.jpg 800w, https:\/\/yusufyalniz.com\/wp-content\/uploads\/2025\/03\/akilli-kentler-300x169.jpg 300w, https:\/\/yusufyalniz.com\/wp-content\/uploads\/2025\/03\/akilli-kentler-768x432.jpg 768w\" sizes=\"(max-width: 800px) 100vw, 800px\" \/><\/a><\/figure><div class=\"wp-block-media-text__content\">\n<p class=\"has-white-color has-text-color has-link-color has-small-font-size wp-elements-f5143fcaff3de58cb5da9cbcc5833410\">Ak\u0131ll\u0131 Kentler Projesi<\/p>\n<\/div><\/div>\n\n\n\n<div class=\"wp-block-media-text is-stacked-on-mobile\" style=\"grid-template-columns:38% auto\"><figure class=\"wp-block-media-text__media\"><a href=\"https:\/\/yusufyalniz.com\/index.php\/2025\/03\/23\/hatayin-cicekleri-ciftcinin-ekmegi\/\"><img decoding=\"async\" width=\"800\" height=\"450\" src=\"https:\/\/yusufyalniz.com\/wp-content\/uploads\/2025\/03\/hatayin-cicekleri1.jpg\" alt=\"\" class=\"wp-image-290 size-full\" srcset=\"https:\/\/yusufyalniz.com\/wp-content\/uploads\/2025\/03\/hatayin-cicekleri1.jpg 800w, https:\/\/yusufyalniz.com\/wp-content\/uploads\/2025\/03\/hatayin-cicekleri1-300x169.jpg 300w, https:\/\/yusufyalniz.com\/wp-content\/uploads\/2025\/03\/hatayin-cicekleri1-768x432.jpg 768w\" sizes=\"(max-width: 800px) 100vw, 800px\" \/><\/a><\/figure><div class=\"wp-block-media-text__content\">\n<p class=\"has-white-color has-text-color has-link-color has-small-font-size wp-elements-89c810283f016a891edb39a9dc98e368\">Hatay\u0131n \u00c7i\u00e7ekleri \u00c7ift\u00e7inin Ekme\u011fi<\/p>\n<\/div><\/div>\n<\/div>\n\n\n\n<div class=\"wp-block-column is-vertically-aligned-top is-layout-flow wp-block-column-is-layout-flow\"><\/div>\n<\/div>\n\n\n\n<div class=\"wp-block-group alignwide is-content-justification-center is-layout-flex wp-container-core-group-is-layout-5590e8cb wp-block-group-is-layout-flex\">\n<p class=\"has-text-align-center has-small-font-size\">Copyright \u00a9 2025 | Dr. Yusuf Yaln\u0131z | T\u00fcm Haklar\u0131 Sakl\u0131d\u0131r.<\/p>\n<\/div>\n\n\n\n<div style=\"height:0px\" aria-hidden=\"true\" class=\"wp-block-spacer wp-container-content-541a6b20\"><\/div>\n<\/div>\n<\/div>\n<\/div>\n<\/div>\n<\/div>\n","protected":false},"excerpt":{"rendered":"<p>Kullan\u0131m Ko\u015fullar\u0131 Ho\u015f geldiniz www.yusufyalniz.com.tr! Bu web sitesi, Yerel Y\u00f6netimler Uzman\u0131 Dr. Yusuf Yaln\u0131z&#8217;a aittir ve siz de\u011ferli ziyaret\u00e7ilerimize hizmet vermektedir. L\u00fctfen a\u015fa\u011f\u0131daki kullan\u0131m ko\u015fullar\u0131n\u0131&hellip;<\/p>\n","protected":false},"author":1,"featured_media":0,"parent":0,"menu_order":0,"comment_status":"closed","ping_status":"closed","template":"","meta":{"slim_seo":{"title":"Yusuf Yaln\u0131z","description":"Kullan\u0131m Ko\u015fullar\u0131 Ho\u015f geldiniz www.yusufyalniz.com.tr! Bu web sitesi, Yerel Y\u00f6netimler Uzman\u0131 Dr. Yusuf Yaln\u0131z'a aittir ve siz de\u011ferli ziyaret\u00e7ilerimize hizmet"},"footnotes":""},"class_list":["post-641","page","type-page","status-publish","hentry"],"featured_image_url":[],"post_author":"admin","assigned_categories":"","yoast_head":"<!-- This site is optimized with the Yoast SEO plugin v24.7 - https:\/\/yoast.com\/wordpress\/plugins\/seo\/ -->\n<title>Kullan\u0131m Ko\u015fullar\u0131 - Dr. Yusuf Yaln\u0131z<\/title>\n<meta name=\"description\" content=\"Kullan\u0131m Ko\u015fullar\u0131 Dr. Yusuf Yaln\u0131z - Yusuf yaln\u0131zDr Yusuf yaln\u0131zYerel y\u00f6netim Belediye Yerel y\u00f6netimler mali disiplin Yerel y\u00f6netimler b\u00fct\u00e7e Mali hizmetler Mali disiplin Yusuf yanl\u0131z Bursa Kat\u0131l\u0131mc\u0131 b\u00fct\u00e7eYerel y\u00f6netimlerde s\u00fcrd\u00fcr\u00fclebilirlikBuski Strateji geli\u015ftirme B\u00fcy\u00fck \u015fehir BelediyeBor\u00e7 y\u00f6netimi Yerel y\u00f6netimlerde\u00a0finans\" \/>\n<meta name=\"robots\" content=\"index, follow, max-snippet:-1, max-image-preview:large, max-video-preview:-1\" \/>\n<link rel=\"canonical\" href=\"https:\/\/yusufyalniz.com\/index.php\/kullanim-kosullari\/\" \/>\n<meta property=\"og:locale\" content=\"tr_TR\" \/>\n<meta property=\"og:type\" content=\"article\" \/>\n<meta property=\"og:title\" content=\"Kullan\u0131m Ko\u015fullar\u0131 - Dr. Yusuf Yaln\u0131z\" \/>\n<meta property=\"og:description\" content=\"Kullan\u0131m Ko\u015fullar\u0131 Dr. Yusuf Yaln\u0131z - Yusuf yaln\u0131zDr Yusuf yaln\u0131zYerel y\u00f6netim Belediye Yerel y\u00f6netimler mali disiplin Yerel y\u00f6netimler b\u00fct\u00e7e Mali hizmetler Mali disiplin Yusuf yanl\u0131z Bursa Kat\u0131l\u0131mc\u0131 b\u00fct\u00e7eYerel y\u00f6netimlerde s\u00fcrd\u00fcr\u00fclebilirlikBuski Strateji geli\u015ftirme B\u00fcy\u00fck \u015fehir BelediyeBor\u00e7 y\u00f6netimi Yerel y\u00f6netimlerde\u00a0finans\" \/>\n<meta property=\"og:url\" content=\"https:\/\/yusufyalniz.com\/index.php\/kullanim-kosullari\/\" \/>\n<meta property=\"og:site_name\" content=\"Dr. Yusuf Yaln\u0131z\" \/>\n<meta property=\"article:modified_time\" content=\"2025-03-30T08:06:56+00:00\" \/>\n<meta property=\"og:image\" content=\"https:\/\/yusufyalniz.com\/wp-content\/uploads\/2025\/03\/anasayfa-res-2.jpg\" \/>\n\t<meta property=\"og:image:width\" content=\"1600\" \/>\n\t<meta property=\"og:image:height\" content=\"750\" \/>\n\t<meta property=\"og:image:type\" content=\"image\/jpeg\" \/>\n<meta name=\"twitter:card\" content=\"summary_large_image\" \/>\n<meta name=\"twitter:label1\" content=\"Tahmini okuma s\u00fcresi\" \/>\n\t<meta name=\"twitter:data1\" content=\"3 dakika\" \/>\n<script type=\"application\/ld+json\" class=\"yoast-schema-graph\">{\"@context\":\"https:\/\/schema.org\",\"@graph\":[{\"@type\":\"WebPage\",\"@id\":\"https:\/\/yusufyalniz.com\/index.php\/kullanim-kosullari\/\",\"url\":\"https:\/\/yusufyalniz.com\/index.php\/kullanim-kosullari\/\",\"name\":\"Kullan\u0131m Ko\u015fullar\u0131 - Dr. Yusuf Yaln\u0131z\",\"isPartOf\":{\"@id\":\"https:\/\/yusufyalniz.com\/#website\"},\"primaryImageOfPage\":{\"@id\":\"https:\/\/yusufyalniz.com\/index.php\/kullanim-kosullari\/#primaryimage\"},\"image\":{\"@id\":\"https:\/\/yusufyalniz.com\/index.php\/kullanim-kosullari\/#primaryimage\"},\"thumbnailUrl\":\"https:\/\/yusufyalniz.com\/wp-content\/uploads\/2025\/03\/anasayfa-res-2.jpg\",\"datePublished\":\"2025-03-19T18:38:16+00:00\",\"dateModified\":\"2025-03-30T08:06:56+00:00\",\"description\":\"Kullan\u0131m Ko\u015fullar\u0131 Dr. Yusuf Yaln\u0131z - Yusuf yaln\u0131zDr Yusuf yaln\u0131zYerel y\u00f6netim Belediye Yerel y\u00f6netimler mali disiplin Yerel y\u00f6netimler b\u00fct\u00e7e Mali hizmetler Mali disiplin Yusuf yanl\u0131z Bursa Kat\u0131l\u0131mc\u0131 b\u00fct\u00e7eYerel y\u00f6netimlerde s\u00fcrd\u00fcr\u00fclebilirlikBuski Strateji geli\u015ftirme B\u00fcy\u00fck \u015fehir BelediyeBor\u00e7 y\u00f6netimi Yerel y\u00f6netimlerde\u00a0finans\",\"breadcrumb\":{\"@id\":\"https:\/\/yusufyalniz.com\/index.php\/kullanim-kosullari\/#breadcrumb\"},\"inLanguage\":\"tr\",\"potentialAction\":[{\"@type\":\"ReadAction\",\"target\":[\"https:\/\/yusufyalniz.com\/index.php\/kullanim-kosullari\/\"]}]},{\"@type\":\"ImageObject\",\"inLanguage\":\"tr\",\"@id\":\"https:\/\/yusufyalniz.com\/index.php\/kullanim-kosullari\/#primaryimage\",\"url\":\"https:\/\/yusufyalniz.com\/wp-content\/uploads\/2025\/03\/anasayfa-res-2.jpg\",\"contentUrl\":\"https:\/\/yusufyalniz.com\/wp-content\/uploads\/2025\/03\/anasayfa-res-2.jpg\",\"width\":1600,\"height\":750},{\"@type\":\"BreadcrumbList\",\"@id\":\"https:\/\/yusufyalniz.com\/index.php\/kullanim-kosullari\/#breadcrumb\",\"itemListElement\":[{\"@type\":\"ListItem\",\"position\":1,\"name\":\"Anasayfa\",\"item\":\"https:\/\/yusufyalniz.com\/\"},{\"@type\":\"ListItem\",\"position\":2,\"name\":\"Kullan\u0131m Ko\u015fullar\u0131\"}]},{\"@type\":\"WebSite\",\"@id\":\"https:\/\/yusufyalniz.com\/#website\",\"url\":\"https:\/\/yusufyalniz.com\/\",\"name\":\"Dr. Yusuf Yaln\u0131z\",\"description\":\"Yerel Y\u00f6netim Uzman\u0131\",\"publisher\":{\"@id\":\"https:\/\/yusufyalniz.com\/#\/schema\/person\/40cef4e5edcfd7bd607d695c4776b35c\"},\"alternateName\":\"Yusuf Yaln\u0131z\",\"potentialAction\":[{\"@type\":\"SearchAction\",\"target\":{\"@type\":\"EntryPoint\",\"urlTemplate\":\"https:\/\/yusufyalniz.com\/?s={search_term_string}\"},\"query-input\":{\"@type\":\"PropertyValueSpecification\",\"valueRequired\":true,\"valueName\":\"search_term_string\"}}],\"inLanguage\":\"tr\"},{\"@type\":[\"Person\",\"Organization\"],\"@id\":\"https:\/\/yusufyalniz.com\/#\/schema\/person\/40cef4e5edcfd7bd607d695c4776b35c\",\"name\":\"admin\",\"image\":{\"@type\":\"ImageObject\",\"inLanguage\":\"tr\",\"@id\":\"https:\/\/yusufyalniz.com\/#\/schema\/person\/image\/\",\"url\":\"https:\/\/yusufyalniz.com\/wp-content\/uploads\/2025\/02\/dryusufyalnizlogo-1.png\",\"contentUrl\":\"https:\/\/yusufyalniz.com\/wp-content\/uploads\/2025\/02\/dryusufyalnizlogo-1.png\",\"width\":300,\"height\":51,\"caption\":\"admin\"},\"logo\":{\"@id\":\"https:\/\/yusufyalniz.com\/#\/schema\/person\/image\/\"},\"sameAs\":[\"https:\/\/yusufyalniz.com\"]}]}<\/script>\n<!-- \/ Yoast SEO plugin. -->","yoast_head_json":{"title":"Kullan\u0131m Ko\u015fullar\u0131 - Dr. Yusuf Yaln\u0131z","description":"Kullan\u0131m Ko\u015fullar\u0131 Dr. Yusuf Yaln\u0131z - Yusuf yaln\u0131zDr Yusuf yaln\u0131zYerel y\u00f6netim Belediye Yerel y\u00f6netimler mali disiplin Yerel y\u00f6netimler b\u00fct\u00e7e Mali hizmetler Mali disiplin Yusuf yanl\u0131z Bursa Kat\u0131l\u0131mc\u0131 b\u00fct\u00e7eYerel y\u00f6netimlerde s\u00fcrd\u00fcr\u00fclebilirlikBuski Strateji geli\u015ftirme B\u00fcy\u00fck \u015fehir BelediyeBor\u00e7 y\u00f6netimi Yerel y\u00f6netimlerde\u00a0finans","robots":{"index":"index","follow":"follow","max-snippet":"max-snippet:-1","max-image-preview":"max-image-preview:large","max-video-preview":"max-video-preview:-1"},"canonical":"https:\/\/yusufyalniz.com\/index.php\/kullanim-kosullari\/","og_locale":"tr_TR","og_type":"article","og_title":"Kullan\u0131m Ko\u015fullar\u0131 - Dr. Yusuf Yaln\u0131z","og_description":"Kullan\u0131m Ko\u015fullar\u0131 Dr. Yusuf Yaln\u0131z - Yusuf yaln\u0131zDr Yusuf yaln\u0131zYerel y\u00f6netim Belediye Yerel y\u00f6netimler mali disiplin Yerel y\u00f6netimler b\u00fct\u00e7e Mali hizmetler Mali disiplin Yusuf yanl\u0131z Bursa Kat\u0131l\u0131mc\u0131 b\u00fct\u00e7eYerel y\u00f6netimlerde s\u00fcrd\u00fcr\u00fclebilirlikBuski Strateji geli\u015ftirme B\u00fcy\u00fck \u015fehir BelediyeBor\u00e7 y\u00f6netimi Yerel y\u00f6netimlerde\u00a0finans","og_url":"https:\/\/yusufyalniz.com\/index.php\/kullanim-kosullari\/","og_site_name":"Dr. Yusuf Yaln\u0131z","article_modified_time":"2025-03-30T08:06:56+00:00","og_image":[{"width":1600,"height":750,"url":"https:\/\/yusufyalniz.com\/wp-content\/uploads\/2025\/03\/anasayfa-res-2.jpg","type":"image\/jpeg"}],"twitter_card":"summary_large_image","twitter_misc":{"Tahmini okuma s\u00fcresi":"3 dakika"},"schema":{"@context":"https:\/\/schema.org","@graph":[{"@type":"WebPage","@id":"https:\/\/yusufyalniz.com\/index.php\/kullanim-kosullari\/","url":"https:\/\/yusufyalniz.com\/index.php\/kullanim-kosullari\/","name":"Kullan\u0131m Ko\u015fullar\u0131 - Dr. Yusuf Yaln\u0131z","isPartOf":{"@id":"https:\/\/yusufyalniz.com\/#website"},"primaryImageOfPage":{"@id":"https:\/\/yusufyalniz.com\/index.php\/kullanim-kosullari\/#primaryimage"},"image":{"@id":"https:\/\/yusufyalniz.com\/index.php\/kullanim-kosullari\/#primaryimage"},"thumbnailUrl":"https:\/\/yusufyalniz.com\/wp-content\/uploads\/2025\/03\/anasayfa-res-2.jpg","datePublished":"2025-03-19T18:38:16+00:00","dateModified":"2025-03-30T08:06:56+00:00","description":"Kullan\u0131m Ko\u015fullar\u0131 Dr. Yusuf Yaln\u0131z - Yusuf yaln\u0131zDr Yusuf yaln\u0131zYerel y\u00f6netim Belediye Yerel y\u00f6netimler mali disiplin Yerel y\u00f6netimler b\u00fct\u00e7e Mali hizmetler Mali disiplin Yusuf yanl\u0131z Bursa Kat\u0131l\u0131mc\u0131 b\u00fct\u00e7eYerel y\u00f6netimlerde s\u00fcrd\u00fcr\u00fclebilirlikBuski Strateji geli\u015ftirme B\u00fcy\u00fck \u015fehir BelediyeBor\u00e7 y\u00f6netimi Yerel y\u00f6netimlerde\u00a0finans","breadcrumb":{"@id":"https:\/\/yusufyalniz.com\/index.php\/kullanim-kosullari\/#breadcrumb"},"inLanguage":"tr","potentialAction":[{"@type":"ReadAction","target":["https:\/\/yusufyalniz.com\/index.php\/kullanim-kosullari\/"]}]},{"@type":"ImageObject","inLanguage":"tr","@id":"https:\/\/yusufyalniz.com\/index.php\/kullanim-kosullari\/#primaryimage","url":"https:\/\/yusufyalniz.com\/wp-content\/uploads\/2025\/03\/anasayfa-res-2.jpg","contentUrl":"https:\/\/yusufyalniz.com\/wp-content\/uploads\/2025\/03\/anasayfa-res-2.jpg","width":1600,"height":750},{"@type":"BreadcrumbList","@id":"https:\/\/yusufyalniz.com\/index.php\/kullanim-kosullari\/#breadcrumb","itemListElement":[{"@type":"ListItem","position":1,"name":"Anasayfa","item":"https:\/\/yusufyalniz.com\/"},{"@type":"ListItem","position":2,"name":"Kullan\u0131m Ko\u015fullar\u0131"}]},{"@type":"WebSite","@id":"https:\/\/yusufyalniz.com\/#website","url":"https:\/\/yusufyalniz.com\/","name":"Dr. Yusuf Yaln\u0131z","description":"Yerel Y\u00f6netim Uzman\u0131","publisher":{"@id":"https:\/\/yusufyalniz.com\/#\/schema\/person\/40cef4e5edcfd7bd607d695c4776b35c"},"alternateName":"Yusuf Yaln\u0131z","potentialAction":[{"@type":"SearchAction","target":{"@type":"EntryPoint","urlTemplate":"https:\/\/yusufyalniz.com\/?s={search_term_string}"},"query-input":{"@type":"PropertyValueSpecification","valueRequired":true,"valueName":"search_term_string"}}],"inLanguage":"tr"},{"@type":["Person","Organization"],"@id":"https:\/\/yusufyalniz.com\/#\/schema\/person\/40cef4e5edcfd7bd607d695c4776b35c","name":"admin","image":{"@type":"ImageObject","inLanguage":"tr","@id":"https:\/\/yusufyalniz.com\/#\/schema\/person\/image\/","url":"https:\/\/yusufyalniz.com\/wp-content\/uploads\/2025\/02\/dryusufyalnizlogo-1.png","contentUrl":"https:\/\/yusufyalniz.com\/wp-content\/uploads\/2025\/02\/dryusufyalnizlogo-1.png","width":300,"height":51,"caption":"admin"},"logo":{"@id":"https:\/\/yusufyalniz.com\/#\/schema\/person\/image\/"},"sameAs":["https:\/\/yusufyalniz.com"]}]}},"_links":{"self":[{"href":"https:\/\/yusufyalniz.com\/index.php\/wp-json\/wp\/v2\/pages\/641","targetHints":{"allow":["GET"]}}],"collection":[{"href":"https:\/\/yusufyalniz.com\/index.php\/wp-json\/wp\/v2\/pages"}],"about":[{"href":"https:\/\/yusufyalniz.com\/index.php\/wp-json\/wp\/v2\/types\/page"}],"author":[{"embeddable":true,"href":"https:\/\/yusufyalniz.com\/index.php\/wp-json\/wp\/v2\/users\/1"}],"replies":[{"embeddable":true,"href":"https:\/\/yusufyalniz.com\/index.php\/wp-json\/wp\/v2\/comments?post=641"}],"version-history":[{"count":2,"href":"https:\/\/yusufyalniz.com\/index.php\/wp-json\/wp\/v2\/pages\/641\/revisions"}],"predecessor-version":[{"id":644,"href":"https:\/\/yusufyalniz.com\/index.php\/wp-json\/wp\/v2\/pages\/641\/revisions\/644"}],"wp:attachment":[{"href":"https:\/\/yusufyalniz.com\/index.php\/wp-json\/wp\/v2\/media?parent=641"}],"curies":[{"name":"wp","href":"https:\/\/api.w.org\/{rel}","templated":true}]}}